{"id":69,"date":"2025-01-04T16:26:14","date_gmt":"2025-01-04T16:26:14","guid":{"rendered":"https:\/\/surregames.com\/?page_id=69"},"modified":"2025-01-09T20:00:35","modified_gmt":"2025-01-09T20:00:35","slug":"politica-de-privacidad","status":"publish","type":"page","link":"https:\/\/surregames.com\/en\/politica-de-privacidad\/","title":{"rendered":"Privacy policy"},"content":{"rendered":"<div data-elementor-type=\"wp-page\" data-elementor-id=\"69\" class=\"elementor elementor-69\">\n\t\t\t\t<div class=\"elementor-element elementor-element-d1ca174 e-flex e-con-boxed e-con e-parent\" data-id=\"d1ca174\" data-element_type=\"container\" data-e-type=\"container\" data-settings=\"{&quot;background_background&quot;:&quot;classic&quot;}\">\n\t\t\t\t\t<div class=\"e-con-inner\">\n\t\t\t\t<div class=\"elementor-element elementor-element-05754ac elementor-widget elementor-widget-html\" data-id=\"05754ac\" data-element_type=\"widget\" data-e-type=\"widget\" data-widget_type=\"html.default\">\n\t\t\t\t<div class=\"elementor-widget-container\">\n\t\t\t\t\t<!DOCTYPE html>\r\n<html lang=\"es\">\r\n<head>\r\n    <meta charset=\"UTF-8\">\r\n    <meta name=\"viewport\" content=\"width=device-width, initial-scale=1.0\">\r\n    <title>Pol\u00edtica de Privacidad<\/title>\r\n    <style>\r\n        body {\r\n            font-family: Arial, sans-serif;\r\n            line-height: 1.6;\r\n            margin: 0;\r\n            padding: 20px;\r\n            background-color: #f9f9f9;\r\n            color: #333;\r\n        }\r\n        h1, h2 {\r\n            color: #2c3e50;\r\n        }\r\n        h1 {\r\n            text-align: center;\r\n            font-size: 2em;\r\n            margin-bottom: 20px;\r\n        }\r\n        h2 {\r\n            font-size: 1.5em;\r\n            margin-top: 30px;\r\n        }\r\n        p {\r\n            margin: 10px 0;\r\n        }\r\n        ul {\r\n            list-style-type: disc;\r\n            margin-left: 20px;\r\n        }\r\n        strong {\r\n            font-weight: bold;\r\n        }\r\n        a {\r\n            color: #007BFF;\r\n            text-decoration: none;\r\n        }\r\n        a:hover {\r\n            text-decoration: underline;\r\n        }\r\n        @media (max-width: 600px) {\r\n            h1 {\r\n                font-size: 1.8em;\r\n            }\r\n            h2 {\r\n                font-size: 1.4em;\r\n            }\r\n        }\r\n    <\/style>\r\n<\/head>\r\n<body>\r\n    <div class=\"politica-privacidad\">\r\n        <h3>Privacy Policy<\/h3>\r\n        <p>At Surre Games, we are committed to protecting our users' privacy. Below, we outline how we collect, use, and safeguard the personal data of visitors to our website.<\/p>\r\n        \r\n        <h3>1. Information Collected<\/h3>\r\n        <p>We collect personal information that you provide directly through contact forms, registrations, or interactions with our services. This information may include:<\/p>\r\n        <ul>\r\n            <li>Full name<\/li>\r\n            <li>Email address<\/li>\r\n            <li>Contact information<\/li>\r\n            <li>Billing information<\/li>\r\n        <\/ul>\r\n        \r\n        <h3>2. Use of Information<\/h3>\r\n        <p>The information collected is used for the purpose of:<\/p>\r\n        <ul>\r\n            <li>Providing the services requested by the user<\/li>\r\n            <li>Improving our services and user experience<\/li>\r\n            <li>Sending you communications related to the products or services we offer<\/li>\r\n        <\/ul>\r\n        \r\n        <h3>3. Data Protection<\/h3>\r\n        <p>We implement security measures to protect the personal information we collect. However, it is important for users to also take steps to protect their own data, such as using secure passwords.<\/p>\r\n        \r\n        <h3>4. Cookies<\/h3>\r\n        <p>We use cookies to enhance the user experience on our website. Cookies allow us to analyze traffic and personalize content. You can manage cookie usage through your browser settings.<\/p>\r\n        \r\n        <h3>5. User Rights<\/h3>\r\n        <p>Users have the right to access, correct, or delete their personal data. To exercise these rights, please contact us through the methods provided on our contact page.<\/p>\r\n        \r\n        <h3>6. Changes to the Privacy Policy<\/h3>\r\n        <p>We reserve the right to modify this privacy policy at any time. Updates will be posted on this page with the date of the last revision.<\/p>\r\n        \r\n        <p class=\"translation-block\">Last updated: January 2025<\/p>\r\n    <\/div>\r\n<\/body>\r\n<\/html>\r\n\t\t\t\t<\/div>\n\t\t\t\t<\/div>\n\t\t\t\t\t<\/div>\n\t\t\t\t<\/div>\n\t\t\t\t<\/div>","protected":false},"excerpt":{"rendered":"<p>Pol\u00edtica de Privacidad Pol\u00edtica de Privacidad En Surre Games, nos comprometemos a proteger la privacidad de nuestros usuarios. A continuaci\u00f3n [&hellip;]<\/p>\n","protected":false},"author":1,"featured_media":0,"parent":0,"menu_order":0,"comment_status":"closed","ping_status":"closed","template":"","meta":{"inline_featured_image":false,"site-sidebar-layout":"no-sidebar","site-content-layout":"","ast-site-content-layout":"full-width-container","site-content-style":"default","site-sidebar-style":"default","ast-global-header-display":"","ast-banner-title-visibility":"","ast-main-header-display":"","ast-hfb-above-header-display":"","ast-hfb-below-header-display":"","ast-hfb-mobile-header-display":"","site-post-title":"disabled","ast-breadcrumbs-content":"","ast-featured-img":"disabled","footer-sml-layout":"","ast-disable-related-posts":"","theme-transparent-header-meta":"","adv-header-id-meta":"","stick-header-meta":"","header-above-stick-meta":"","header-main-stick-meta":"","header-below-stick-meta":"","astra-migrate-meta-layouts":"default","ast-page-background-enabled":"default","ast-page-background-meta":{"desktop":{"background-color":"var(--ast-global-color-5)","background-image":"","background-repeat":"repeat","background-position":"center center","background-size":"auto","background-attachment":"scroll","background-type":"","background-media":"","overlay-type":"","overlay-color":"","overlay-opacity":"","overlay-gradient":""},"tablet":{"background-color":"","background-image":"","background-repeat":"repeat","background-position":"center center","background-size":"auto","background-attachment":"scroll","background-type":"","background-media":"","overlay-type":"","overlay-color":"","overlay-opacity":"","overlay-gradient":""},"mobile":{"background-color":"","background-image":"","background-repeat":"repeat","background-position":"center center","background-size":"auto","background-attachment":"scroll","background-type":"","background-media":"","overlay-type":"","overlay-color":"","overlay-opacity":"","overlay-gradient":""}},"ast-content-background-meta":{"desktop":{"background-color":"var(--ast-global-color-4)","background-image":"","background-repeat":"repeat","background-position":"center center","background-size":"auto","background-attachment":"scroll","background-type":"","background-media":"","overlay-type":"","overlay-color":"","overlay-opacity":"","overlay-gradient":""},"tablet":{"background-color":"var(--ast-global-color-4)","background-image":"","background-repeat":"repeat","background-position":"center center","background-size":"auto","background-attachment":"scroll","background-type":"","background-media":"","overlay-type":"","overlay-color":"","overlay-opacity":"","overlay-gradient":""},"mobile":{"background-color":"var(--ast-global-color-4)","background-image":"","background-repeat":"repeat","background-position":"center center","background-size":"auto","background-attachment":"scroll","background-type":"","background-media":"","overlay-type":"","overlay-color":"","overlay-opacity":"","overlay-gradient":""}},"footnotes":""},"class_list":["post-69","page","type-page","status-publish","hentry"],"yoast_head":"<!-- This site is optimized with the Yoast SEO plugin v27.2 - https:\/\/yoast.com\/product\/yoast-seo-wordpress\/ -->\n<title>Pol\u00edtica de privacidad - Surre Games<\/title>\n<meta name=\"robots\" content=\"index, follow, max-snippet:-1, max-image-preview:large, max-video-preview:-1\" \/>\n<link rel=\"canonical\" href=\"https:\/\/surregames.com\/en\/politica-de-privacidad\/\" \/>\n<meta property=\"og:locale\" content=\"en_US\" \/>\n<meta property=\"og:type\" content=\"article\" \/>\n<meta property=\"og:title\" content=\"Pol\u00edtica de privacidad - Surre Games\" \/>\n<meta property=\"og:description\" content=\"Pol\u00edtica de Privacidad Pol\u00edtica de Privacidad En Surre Games, nos comprometemos a proteger la privacidad de nuestros usuarios. A continuaci\u00f3n [&hellip;]\" \/>\n<meta property=\"og:url\" content=\"https:\/\/surregames.com\/en\/politica-de-privacidad\/\" \/>\n<meta property=\"og:site_name\" content=\"Surre Games\" \/>\n<meta property=\"article:modified_time\" content=\"2025-01-09T20:00:35+00:00\" \/>\n<meta name=\"twitter:card\" content=\"summary_large_image\" \/>\n<meta name=\"twitter:label1\" content=\"Est. reading time\" \/>\n\t<meta name=\"twitter:data1\" content=\"2 minutes\" \/>\n<script type=\"application\/ld+json\" class=\"yoast-schema-graph\">{\"@context\":\"https:\/\/schema.org\",\"@graph\":[{\"@type\":\"WebPage\",\"@id\":\"https:\/\/surregames.com\/politica-de-privacidad\/\",\"url\":\"https:\/\/surregames.com\/politica-de-privacidad\/\",\"name\":\"Pol\u00edtica de privacidad - Surre Games\",\"isPartOf\":{\"@id\":\"https:\/\/surregames.com\/#website\"},\"datePublished\":\"2025-01-04T16:26:14+00:00\",\"dateModified\":\"2025-01-09T20:00:35+00:00\",\"breadcrumb\":{\"@id\":\"https:\/\/surregames.com\/politica-de-privacidad\/#breadcrumb\"},\"inLanguage\":\"en-US\",\"potentialAction\":[{\"@type\":\"ReadAction\",\"target\":[\"https:\/\/surregames.com\/politica-de-privacidad\/\"]}]},{\"@type\":\"BreadcrumbList\",\"@id\":\"https:\/\/surregames.com\/politica-de-privacidad\/#breadcrumb\",\"itemListElement\":[{\"@type\":\"ListItem\",\"position\":1,\"name\":\"Portada\",\"item\":\"https:\/\/surregames.com\/\"},{\"@type\":\"ListItem\",\"position\":2,\"name\":\"Pol\u00edtica de privacidad\"}]},{\"@type\":\"WebSite\",\"@id\":\"https:\/\/surregames.com\/#website\",\"url\":\"https:\/\/surregames.com\/\",\"name\":\"Surre Games\",\"description\":\"S\u00f3lo otro sitio de WordPress\",\"publisher\":{\"@id\":\"https:\/\/surregames.com\/#\/schema\/person\/a01ea602c8c5746843098825efcdfa30\"},\"potentialAction\":[{\"@type\":\"SearchAction\",\"target\":{\"@type\":\"EntryPoint\",\"urlTemplate\":\"https:\/\/surregames.com\/?s={search_term_string}\"},\"query-input\":{\"@type\":\"PropertyValueSpecification\",\"valueRequired\":true,\"valueName\":\"search_term_string\"}}],\"inLanguage\":\"en-US\"},{\"@type\":[\"Person\",\"Organization\"],\"@id\":\"https:\/\/surregames.com\/#\/schema\/person\/a01ea602c8c5746843098825efcdfa30\",\"name\":\"admin\",\"image\":{\"@type\":\"ImageObject\",\"inLanguage\":\"en-US\",\"@id\":\"https:\/\/surregames.com\/wp-content\/uploads\/2025\/01\/cropped-surregames_logo_512_fit_claro.png\",\"url\":\"https:\/\/surregames.com\/wp-content\/uploads\/2025\/01\/cropped-surregames_logo_512_fit_claro.png\",\"contentUrl\":\"https:\/\/surregames.com\/wp-content\/uploads\/2025\/01\/cropped-surregames_logo_512_fit_claro.png\",\"width\":510,\"height\":170,\"caption\":\"admin\"},\"logo\":{\"@id\":\"https:\/\/surregames.com\/wp-content\/uploads\/2025\/01\/cropped-surregames_logo_512_fit_claro.png\"},\"sameAs\":[\"https:\/\/surregames.com\"]}]}<\/script>\n<!-- \/ Yoast SEO plugin. -->","yoast_head_json":{"title":"Pol\u00edtica de privacidad - Surre Games","robots":{"index":"index","follow":"follow","max-snippet":"max-snippet:-1","max-image-preview":"max-image-preview:large","max-video-preview":"max-video-preview:-1"},"canonical":"https:\/\/surregames.com\/en\/politica-de-privacidad\/","og_locale":"en_US","og_type":"article","og_title":"Pol\u00edtica de privacidad - Surre Games","og_description":"Pol\u00edtica de Privacidad Pol\u00edtica de Privacidad En Surre Games, nos comprometemos a proteger la privacidad de nuestros usuarios. A continuaci\u00f3n [&hellip;]","og_url":"https:\/\/surregames.com\/en\/politica-de-privacidad\/","og_site_name":"Surre Games","article_modified_time":"2025-01-09T20:00:35+00:00","twitter_card":"summary_large_image","twitter_misc":{"Est. reading time":"2 minutes"},"schema":{"@context":"https:\/\/schema.org","@graph":[{"@type":"WebPage","@id":"https:\/\/surregames.com\/politica-de-privacidad\/","url":"https:\/\/surregames.com\/politica-de-privacidad\/","name":"Pol\u00edtica de privacidad - Surre Games","isPartOf":{"@id":"https:\/\/surregames.com\/#website"},"datePublished":"2025-01-04T16:26:14+00:00","dateModified":"2025-01-09T20:00:35+00:00","breadcrumb":{"@id":"https:\/\/surregames.com\/politica-de-privacidad\/#breadcrumb"},"inLanguage":"en-US","potentialAction":[{"@type":"ReadAction","target":["https:\/\/surregames.com\/politica-de-privacidad\/"]}]},{"@type":"BreadcrumbList","@id":"https:\/\/surregames.com\/politica-de-privacidad\/#breadcrumb","itemListElement":[{"@type":"ListItem","position":1,"name":"Portada","item":"https:\/\/surregames.com\/"},{"@type":"ListItem","position":2,"name":"Pol\u00edtica de privacidad"}]},{"@type":"WebSite","@id":"https:\/\/surregames.com\/#website","url":"https:\/\/surregames.com\/","name":"Surre Games","description":"S\u00f3lo otro sitio de WordPress","publisher":{"@id":"https:\/\/surregames.com\/#\/schema\/person\/a01ea602c8c5746843098825efcdfa30"},"potentialAction":[{"@type":"SearchAction","target":{"@type":"EntryPoint","urlTemplate":"https:\/\/surregames.com\/?s={search_term_string}"},"query-input":{"@type":"PropertyValueSpecification","valueRequired":true,"valueName":"search_term_string"}}],"inLanguage":"en-US"},{"@type":["Person","Organization"],"@id":"https:\/\/surregames.com\/#\/schema\/person\/a01ea602c8c5746843098825efcdfa30","name":"admin","image":{"@type":"ImageObject","inLanguage":"en-US","@id":"https:\/\/surregames.com\/wp-content\/uploads\/2025\/01\/cropped-surregames_logo_512_fit_claro.png","url":"https:\/\/surregames.com\/wp-content\/uploads\/2025\/01\/cropped-surregames_logo_512_fit_claro.png","contentUrl":"https:\/\/surregames.com\/wp-content\/uploads\/2025\/01\/cropped-surregames_logo_512_fit_claro.png","width":510,"height":170,"caption":"admin"},"logo":{"@id":"https:\/\/surregames.com\/wp-content\/uploads\/2025\/01\/cropped-surregames_logo_512_fit_claro.png"},"sameAs":["https:\/\/surregames.com"]}]}},"_links":{"self":[{"href":"https:\/\/surregames.com\/en\/wp-json\/wp\/v2\/pages\/69","targetHints":{"allow":["GET"]}}],"collection":[{"href":"https:\/\/surregames.com\/en\/wp-json\/wp\/v2\/pages"}],"about":[{"href":"https:\/\/surregames.com\/en\/wp-json\/wp\/v2\/types\/page"}],"author":[{"embeddable":true,"href":"https:\/\/surregames.com\/en\/wp-json\/wp\/v2\/users\/1"}],"replies":[{"embeddable":true,"href":"https:\/\/surregames.com\/en\/wp-json\/wp\/v2\/comments?post=69"}],"version-history":[{"count":9,"href":"https:\/\/surregames.com\/en\/wp-json\/wp\/v2\/pages\/69\/revisions"}],"predecessor-version":[{"id":383,"href":"https:\/\/surregames.com\/en\/wp-json\/wp\/v2\/pages\/69\/revisions\/383"}],"wp:attachment":[{"href":"https:\/\/surregames.com\/en\/wp-json\/wp\/v2\/media?parent=69"}],"curies":[{"name":"wp","href":"https:\/\/api.w.org\/{rel}","templated":true}]}}