{"id":695,"date":"2025-01-19T20:00:16","date_gmt":"2025-01-19T20:00:16","guid":{"rendered":"https:\/\/surregames.com\/?page_id=695"},"modified":"2025-11-02T23:17:35","modified_gmt":"2025-11-02T23:17:35","slug":"videojuegos","status":"publish","type":"page","link":"https:\/\/surregames.com\/en\/videojuegos\/","title":{"rendered":"Video Games"},"content":{"rendered":"<div data-elementor-type=\"wp-page\" data-elementor-id=\"695\" class=\"elementor elementor-695\">\n\t\t\t\t<div class=\"elementor-element elementor-element-fad3681 e-flex e-con-boxed e-con e-parent\" data-id=\"fad3681\" data-element_type=\"container\" data-e-type=\"container\" data-settings=\"{&quot;background_background&quot;:&quot;classic&quot;}\">\n\t\t\t\t\t<div class=\"e-con-inner\">\n\t\t\t\t<div class=\"elementor-element elementor-element-7432185 elementor-widget elementor-widget-heading\" data-id=\"7432185\" data-element_type=\"widget\" data-e-type=\"widget\" data-widget_type=\"heading.default\">\n\t\t\t\t<div class=\"elementor-widget-container\">\n\t\t\t\t\t<h2 class=\"elementor-heading-title elementor-size-default\">Video Games<\/h2>\t\t\t\t<\/div>\n\t\t\t\t<\/div>\n\t\t\t\t\t<\/div>\n\t\t\t\t<\/div>\n\t\t<div class=\"elementor-element elementor-element-fd21c9f e-grid e-con-boxed e-con e-parent\" data-id=\"fd21c9f\" data-element_type=\"container\" data-e-type=\"container\" data-settings=\"{&quot;background_background&quot;:&quot;classic&quot;}\">\n\t\t\t\t\t<div class=\"e-con-inner\">\n\t\t\t\t<div class=\"elementor-element elementor-element-9b1f77b elementor-widget elementor-widget-html\" data-id=\"9b1f77b\" data-element_type=\"widget\" data-e-type=\"widget\" data-widget_type=\"html.default\">\n\t\t\t\t<div class=\"elementor-widget-container\">\n\t\t\t\t\t<div class=\"noticia\" style=\"position: relative; width: 100%; max-width: 800px; cursor: pointer; overflow: hidden; transition: all 0.3s ease-in-out;\">\r\n    <!-- Contenedor que act\u00faa como enlace -->\r\n    <a href=\"https:\/\/surregames.com\/en\/elvis-canario\/\" target=\"_blank\" style=\"text-decoration: none; display: block;\">\r\n        <!-- Imagen desde la biblioteca de WordPress -->\r\n        <img decoding=\"async\" src=\"https:\/\/surregames.com\/wp-content\/uploads\/2025\/01\/elvis-canario-surre-games.webp\" alt=\"Collage promocional del juego Elvis Canario, mostrando la car\u00e1tula y el gameplay de un juego de arcade y acci\u00f3n con parodia a Elvis y elementos de playa\" \r\n             style=\"width: 100%; height: auto; display: block; transition: transform 0.3s ease-in-out;\">\r\n\r\n        <!-- Encabezado con fondo negro transparente -->\r\n        <div style=\"position: absolute; bottom: 0; left: 0; right: 0; background: rgba(0, 0, 0, 0.5); text-align: center; padding: 10px; margin-bottom: 20px; margin-left: 20px; margin-right: 20px; transition: opacity 0.3s ease-in-out;\">\r\n            <h1 style=\"margin: 0; font-size: 2rem; color: white;\">Elvis Canario<\/h1>\r\n        <\/div>\r\n    <\/a>\r\n<\/div>\r\n\r\n<!-- Estilos adicionales para los efectos -->\r\n<style>\r\n    \/* Hover Effect *\/\r\n    .noticia:hover img {\r\n        transform: scale(1.1); \/* Aumenta ligeramente la imagen *\/\r\n    }\r\n\r\n    .noticia:hover div {\r\n        opacity: 0.8; \/* Reduce ligeramente la opacidad del encabezado *\/\r\n    }\r\n\r\n    \/* Click Effect *\/\r\n    .noticia:active {\r\n        transform: scale(0.95); \/* Reduce el tama\u00f1o del contenedor ligeramente *\/\r\n        transition: transform 0.1s ease-in-out; \/* Hace que el efecto sea r\u00e1pido y responsivo *\/\r\n    }\r\n<\/style>\t\t\t\t<\/div>\n\t\t\t\t<\/div>\n\t\t\t\t<div class=\"elementor-element elementor-element-fa128c2 elementor-widget elementor-widget-html\" data-id=\"fa128c2\" data-element_type=\"widget\" data-e-type=\"widget\" data-widget_type=\"html.default\">\n\t\t\t\t<div class=\"elementor-widget-container\">\n\t\t\t\t\t<div class=\"noticia\" style=\"position: relative; width: 100%; max-width: 800px; cursor: pointer; overflow: hidden; transition: all 0.3s ease-in-out;\">\r\n    <!-- Contenedor que act\u00faa como enlace -->\r\n    <a href=\"https:\/\/surregames.com\/en\/bronkanoid\/\" target=\"_blank\" style=\"text-decoration: none; display: block;\">\r\n        <!-- Imagen desde la biblioteca de WordPress -->\r\n        <img decoding=\"async\" src=\"https:\/\/surregames.com\/wp-content\/uploads\/2025\/01\/bronkanoid-surre-games.webp\" alt=\"Splash art del juego Bronkanoid, mostrando el logo del juego rodeado de monstruos y criaturas coloridas en un estilo de dibujo animado surrealista\" \r\n             style=\"width: 100%; height: auto; display: block; transition: transform 0.3s ease-in-out;\">\r\n\r\n        <!-- Encabezado con fondo negro transparente -->\r\n        <div style=\"position: absolute; bottom: 0; left: 0; right: 0; background: rgba(0, 0, 0, 0.5); text-align: center; padding: 10px; margin-bottom: 20px; margin-left: 20px; margin-right: 20px; transition: opacity 0.3s ease-in-out;\">\r\n            <h1 style=\"margin: 0; font-size: 2rem; color: white;\">Bronkanoid<\/h1>\r\n        <\/div>\r\n    <\/a>\r\n<\/div>\r\n\r\n<!-- Estilos adicionales para los efectos -->\r\n<style>\r\n    \/* Hover Effect *\/\r\n    .noticia:hover img {\r\n        transform: scale(1.1); \/* Aumenta ligeramente la imagen *\/\r\n    }\r\n\r\n    .noticia:hover div {\r\n        opacity: 0.8; \/* Reduce ligeramente la opacidad del encabezado *\/\r\n    }\r\n\r\n    \/* Click Effect *\/\r\n    .noticia:active {\r\n        transform: scale(0.95); \/* Reduce el tama\u00f1o del contenedor ligeramente *\/\r\n        transition: transform 0.1s ease-in-out; \/* Hace que el efecto sea r\u00e1pido y responsivo *\/\r\n    }\r\n<\/style>\t\t\t\t<\/div>\n\t\t\t\t<\/div>\n\t\t\t\t<div class=\"elementor-element elementor-element-a2376e2 elementor-widget elementor-widget-html\" data-id=\"a2376e2\" data-element_type=\"widget\" data-e-type=\"widget\" data-widget_type=\"html.default\">\n\t\t\t\t<div class=\"elementor-widget-container\">\n\t\t\t\t\t<div class=\"noticia\" style=\"position: relative; width: 100%; max-width: 800px; cursor: pointer; overflow: hidden; transition: all 0.3s ease-in-out;\">\r\n    <!-- Contenedor que act\u00faa como enlace -->\r\n    <a href=\"https:\/\/surregames.com\/en\/seoul-defenders\/\" target=\"_blank\" style=\"text-decoration: none; display: block;\">\r\n        <!-- Imagen desde la biblioteca de WordPress -->\r\n        <img decoding=\"async\" src=\"https:\/\/surregames.com\/wp-content\/uploads\/2025\/01\/seoul-defenders-surre-games.webp\" alt=\"Arte de cabecera del juego arcade Seoul Defenders, mostrando el t\u00edtulo del logo y naves futuristas disparando l\u00e1seres verdes brillantes en un entorno oscuro y de ne\u00f3n\" \r\n             style=\"width: 100%; height: auto; display: block; transition: transform 0.3s ease-in-out;\">\r\n\r\n        <!-- Encabezado con fondo negro transparente -->\r\n        <div style=\"position: absolute; bottom: 0; left: 0; right: 0; background: rgba(0, 0, 0, 0.5); text-align: center; padding: 10px; margin-bottom: 20px; margin-left: 20px; margin-right: 20px; transition: opacity 0.3s ease-in-out;\">\r\n            <h1 style=\"margin: 0; font-size: 2rem; color: white;\">Seoul Defenders<\/h1>\r\n        <\/div>\r\n    <\/a>\r\n<\/div>\r\n\r\n<!-- Estilos adicionales para los efectos -->\r\n<style>\r\n    \/* Hover Effect *\/\r\n    .noticia:hover img {\r\n        transform: scale(1.1); \/* Aumenta ligeramente la imagen *\/\r\n    }\r\n\r\n    .noticia:hover div {\r\n        opacity: 0.8; \/* Reduce ligeramente la opacidad del encabezado *\/\r\n    }\r\n\r\n    \/* Click Effect *\/\r\n    .noticia:active {\r\n        transform: scale(0.95); \/* Reduce el tama\u00f1o del contenedor ligeramente *\/\r\n        transition: transform 0.1s ease-in-out; \/* Hace que el efecto sea r\u00e1pido y responsivo *\/\r\n    }\r\n<\/style>\t\t\t\t<\/div>\n\t\t\t\t<\/div>\n\t\t\t\t<div class=\"elementor-element elementor-element-2aba683 elementor-widget elementor-widget-html\" data-id=\"2aba683\" data-element_type=\"widget\" data-e-type=\"widget\" data-widget_type=\"html.default\">\n\t\t\t\t<div class=\"elementor-widget-container\">\n\t\t\t\t\t<div class=\"noticia\" style=\"position: relative; width: 100%; max-width: 800px; cursor: pointer; overflow: hidden; transition: all 0.3s ease-in-out;\">\r\n    <!-- Contenedor que act\u00faa como enlace -->\r\n    <a href=\"https:\/\/surregames.com\/en\/coronavirus-apocalypse-vs-ortega-smith\/\" target=\"_blank\" style=\"text-decoration: none; display: block;\">\r\n        <!-- Imagen desde la biblioteca de WordPress -->\r\n        <img decoding=\"async\" src=\"https:\/\/surregames.com\/wp-content\/uploads\/2025\/01\/coronavirus-apocalypse-vs-ortega-smith-surre-games.webp\" alt=\"Car\u00e1tula del juego arcade de parodia pol\u00edtica Coronavirus: Apocalypse Vs Ortega Smith, con caricaturas de Javier Ortega Smith, virus, cacas y otras figuras pol\u00edticas en pixel art\" \r\n             style=\"width: 100%; height: auto; display: block; transition: transform 0.3s ease-in-out;\">\r\n\r\n        <!-- Encabezado con fondo negro transparente -->\r\n        <div style=\"position: absolute; bottom: 0; left: 0; right: 0; background: rgba(0, 0, 0, 0.5); text-align: center; padding: 10px; margin-bottom: 20px; margin-left: 20px; margin-right: 20px; transition: opacity 0.3s ease-in-out;\">\r\n            <h1 style=\"margin: 0; font-size: 2rem; color: white;\">Coronavirus: Apocalipse Vs Ortega Smith<\/h1>\r\n        <\/div>\r\n    <\/a>\r\n<\/div>\r\n\r\n<!-- Estilos adicionales para los efectos -->\r\n<style>\r\n    \/* Hover Effect *\/\r\n    .noticia:hover img {\r\n        transform: scale(1.1); \/* Aumenta ligeramente la imagen *\/\r\n    }\r\n\r\n    .noticia:hover div {\r\n        opacity: 0.8; \/* Reduce ligeramente la opacidad del encabezado *\/\r\n    }\r\n\r\n    \/* Click Effect *\/\r\n    .noticia:active {\r\n        transform: scale(0.95); \/* Reduce el tama\u00f1o del contenedor ligeramente *\/\r\n        transition: transform 0.1s ease-in-out; \/* Hace que el efecto sea r\u00e1pido y responsivo *\/\r\n    }\r\n<\/style>\t\t\t\t<\/div>\n\t\t\t\t<\/div>\n\t\t\t\t<div class=\"elementor-element elementor-element-1d06782 elementor-widget elementor-widget-html\" data-id=\"1d06782\" data-element_type=\"widget\" data-e-type=\"widget\" data-widget_type=\"html.default\">\n\t\t\t\t<div class=\"elementor-widget-container\">\n\t\t\t\t\t<div class=\"noticia\" style=\"position: relative; width: 100%; max-width: 800px; cursor: pointer; overflow: hidden; transition: all 0.3s ease-in-out;\">\r\n    <!-- Contenedor que act\u00faa como enlace -->\r\n    <a href=\"https:\/\/surregames.com\/en\/ignatius-attacks-echenique-survival-edition\/\" target=\"_blank\" style=\"text-decoration: none; display: block;\">\r\n        <!-- Imagen desde la biblioteca de WordPress -->\r\n        <img decoding=\"async\" src=\"https:\/\/surregames.com\/wp-content\/uploads\/2025\/01\/ignatius-attacks-echenique-survival-edition-surre-games.webp\" alt=\"Car\u00e1tula del juego arcade de humor Ignatius Attacks: Echenique Survival Edition, mostrando caricaturas de Pablo Echenique armado y de Ignatius Farray gritando\" \r\n             style=\"width: 100%; height: auto; display: block; transition: transform 0.3s ease-in-out;\">\r\n\r\n        <!-- Encabezado con fondo negro transparente -->\r\n        <div style=\"position: absolute; bottom: 0; left: 0; right: 0; background: rgba(0, 0, 0, 0.5); text-align: center; padding: 10px; margin-bottom: 20px; margin-left: 20px; margin-right: 20px; transition: opacity 0.3s ease-in-out;\">\r\n            <h1 style=\"margin: 0; font-size: 2rem; color: white;\">Ignatius Attacks: Echenique Survival Edition<\/h1>\r\n        <\/div>\r\n    <\/a>\r\n<\/div>\r\n\r\n<!-- Estilos adicionales para los efectos -->\r\n<style>\r\n    \/* Hover Effect *\/\r\n    .noticia:hover img {\r\n        transform: scale(1.1); \/* Aumenta ligeramente la imagen *\/\r\n    }\r\n\r\n    .noticia:hover div {\r\n        opacity: 0.8; \/* Reduce ligeramente la opacidad del encabezado *\/\r\n    }\r\n\r\n    \/* Click Effect *\/\r\n    .noticia:active {\r\n        transform: scale(0.95); \/* Reduce el tama\u00f1o del contenedor ligeramente *\/\r\n        transition: transform 0.1s ease-in-out; \/* Hace que el efecto sea r\u00e1pido y responsivo *\/\r\n    }\r\n<\/style>\t\t\t\t<\/div>\n\t\t\t\t<\/div>\n\t\t\t\t<div class=\"elementor-element elementor-element-c5ecfb3 elementor-widget elementor-widget-html\" data-id=\"c5ecfb3\" data-element_type=\"widget\" data-e-type=\"widget\" data-widget_type=\"html.default\">\n\t\t\t\t<div class=\"elementor-widget-container\">\n\t\t\t\t\t<div class=\"noticia\" style=\"position: relative; width: 100%; max-width: 800px; cursor: pointer; overflow: hidden; transition: all 0.3s ease-in-out;\">\r\n    <!-- Contenedor que act\u00faa como enlace -->\r\n    <a href=\"https:\/\/surregames.com\/en\/belmezs-poops\/\" target=\"_blank\" style=\"text-decoration: none; display: block;\">\r\n        <!-- Imagen desde la biblioteca de WordPress -->\r\n        <img decoding=\"async\" src=\"https:\/\/surregames.com\/wp-content\/uploads\/2025\/01\/belmez-poops-surre-games.webp\" alt=\"Logotipo de Belmez's Poops, un juego arcade surrealista y escatol\u00f3gico, mostrando una caca flotante y una cara fantasmal con un gorro que dice 'CACA FECAL'\" \r\n             style=\"width: 100%; height: auto; display: block; transition: transform 0.3s ease-in-out;\">\r\n\r\n        <!-- Encabezado con fondo negro transparente -->\r\n        <div style=\"position: absolute; bottom: 0; left: 0; right: 0; background: rgba(0, 0, 0, 0.5); text-align: center; padding: 10px; margin-bottom: 20px; margin-left: 20px; margin-right: 20px; transition: opacity 0.3s ease-in-out;\">\r\n            <h1 style=\"margin: 0; font-size: 2rem; color: white;\">Belmez's Poops<\/h1>\r\n        <\/div>\r\n    <\/a>\r\n<\/div>\r\n\r\n<!-- Estilos adicionales para los efectos -->\r\n<style>\r\n    \/* Hover Effect *\/\r\n    .noticia:hover img {\r\n        transform: scale(1.1); \/* Aumenta ligeramente la imagen *\/\r\n    }\r\n\r\n    .noticia:hover div {\r\n        opacity: 0.8; \/* Reduce ligeramente la opacidad del encabezado *\/\r\n    }\r\n\r\n    \/* Click Effect *\/\r\n    .noticia:active {\r\n        transform: scale(0.95); \/* Reduce el tama\u00f1o del contenedor ligeramente *\/\r\n        transition: transform 0.1s ease-in-out; \/* Hace que el efecto sea r\u00e1pido y responsivo *\/\r\n    }\r\n<\/style>\t\t\t\t<\/div>\n\t\t\t\t<\/div>\n\t\t\t\t\t<\/div>\n\t\t\t\t<\/div>\n\t\t\t\t<\/div>","protected":false},"excerpt":{"rendered":"<p>Videojuegos Elvis Canario Bronkanoid Seoul Defenders Coronavirus: Apocalipse Vs Ortega Smith Ignatius Attacks: Echenique Survival Edition Belmez&#8217;s Poops<\/p>","protected":false},"author":1,"featured_media":0,"parent":0,"menu_order":0,"comment_status":"closed","ping_status":"closed","template":"","meta":{"inline_featured_image":false,"site-sidebar-layout":"no-sidebar","site-content-layout":"","ast-site-content-layout":"full-width-container","site-content-style":"default","site-sidebar-style":"default","ast-global-header-display":"","ast-banner-title-visibility":"","ast-main-header-display":"","ast-hfb-above-header-display":"","ast-hfb-below-header-display":"","ast-hfb-mobile-header-display":"","site-post-title":"disabled","ast-breadcrumbs-content":"","ast-featured-img":"disabled","footer-sml-layout":"","ast-disable-related-posts":"","theme-transparent-header-meta":"","adv-header-id-meta":"","stick-header-meta":"","header-above-stick-meta":"","header-main-stick-meta":"","header-below-stick-meta":"","astra-migrate-meta-layouts":"default","ast-page-background-enabled":"default","ast-page-background-meta":{"desktop":{"background-color":"var(--ast-global-color-5)","background-image":"","background-repeat":"repeat","background-position":"center center","background-size":"auto","background-attachment":"scroll","background-type":"","background-media":"","overlay-type":"","overlay-color":"","overlay-opacity":"","overlay-gradient":""},"tablet":{"background-color":"","background-image":"","background-repeat":"repeat","background-position":"center center","background-size":"auto","background-attachment":"scroll","background-type":"","background-media":"","overlay-type":"","overlay-color":"","overlay-opacity":"","overlay-gradient":""},"mobile":{"background-color":"","background-image":"","background-repeat":"repeat","background-position":"center center","background-size":"auto","background-attachment":"scroll","background-type":"","background-media":"","overlay-type":"","overlay-color":"","overlay-opacity":"","overlay-gradient":""}},"ast-content-background-meta":{"desktop":{"background-color":"var(--ast-global-color-4)","background-image":"","background-repeat":"repeat","background-position":"center center","background-size":"auto","background-attachment":"scroll","background-type":"","background-media":"","overlay-type":"","overlay-color":"","overlay-opacity":"","overlay-gradient":""},"tablet":{"background-color":"var(--ast-global-color-4)","background-image":"","background-repeat":"repeat","background-position":"center center","background-size":"auto","background-attachment":"scroll","background-type":"","background-media":"","overlay-type":"","overlay-color":"","overlay-opacity":"","overlay-gradient":""},"mobile":{"background-color":"var(--ast-global-color-4)","background-image":"","background-repeat":"repeat","background-position":"center center","background-size":"auto","background-attachment":"scroll","background-type":"","background-media":"","overlay-type":"","overlay-color":"","overlay-opacity":"","overlay-gradient":""}},"footnotes":""},"class_list":["post-695","page","type-page","status-publish","hentry"],"yoast_head":"<!-- This site is optimized with the Yoast SEO plugin v27.2 - https:\/\/yoast.com\/product\/yoast-seo-wordpress\/ -->\n<title>Videojuegos - Surre Games<\/title>\n<meta name=\"robots\" content=\"index, follow, max-snippet:-1, max-image-preview:large, max-video-preview:-1\" \/>\n<link rel=\"canonical\" href=\"https:\/\/surregames.com\/en\/videojuegos\/\" \/>\n<meta property=\"og:locale\" content=\"en_US\" \/>\n<meta property=\"og:type\" content=\"article\" \/>\n<meta property=\"og:title\" content=\"Videojuegos - Surre Games\" \/>\n<meta property=\"og:description\" content=\"Videojuegos Elvis Canario Bronkanoid Seoul Defenders Coronavirus: Apocalipse Vs Ortega Smith Ignatius Attacks: Echenique Survival Edition Belmez&#8217;s Poops\" \/>\n<meta property=\"og:url\" content=\"https:\/\/surregames.com\/en\/videojuegos\/\" \/>\n<meta property=\"og:site_name\" content=\"Surre Games\" \/>\n<meta property=\"article:modified_time\" content=\"2025-11-02T23:17:35+00:00\" \/>\n<meta property=\"og:image\" content=\"https:\/\/surregames.com\/wp-content\/uploads\/2025\/01\/elvis-canario-surre-games.webp\" \/>\n<meta name=\"twitter:card\" content=\"summary_large_image\" \/>\n<meta name=\"twitter:label1\" content=\"Est. reading time\" \/>\n\t<meta name=\"twitter:data1\" content=\"2 minutes\" \/>\n<script type=\"application\/ld+json\" class=\"yoast-schema-graph\">{\"@context\":\"https:\/\/schema.org\",\"@graph\":[{\"@type\":\"WebPage\",\"@id\":\"https:\/\/surregames.com\/videojuegos\/\",\"url\":\"https:\/\/surregames.com\/videojuegos\/\",\"name\":\"Videojuegos - Surre Games\",\"isPartOf\":{\"@id\":\"https:\/\/surregames.com\/#website\"},\"primaryImageOfPage\":{\"@id\":\"https:\/\/surregames.com\/videojuegos\/#primaryimage\"},\"image\":{\"@id\":\"https:\/\/surregames.com\/videojuegos\/#primaryimage\"},\"thumbnailUrl\":\"https:\/\/surregames.com\/wp-content\/uploads\/2025\/01\/elvis-canario-surre-games.webp\",\"datePublished\":\"2025-01-19T20:00:16+00:00\",\"dateModified\":\"2025-11-02T23:17:35+00:00\",\"breadcrumb\":{\"@id\":\"https:\/\/surregames.com\/videojuegos\/#breadcrumb\"},\"inLanguage\":\"en-US\",\"potentialAction\":[{\"@type\":\"ReadAction\",\"target\":[\"https:\/\/surregames.com\/videojuegos\/\"]}]},{\"@type\":\"ImageObject\",\"inLanguage\":\"en-US\",\"@id\":\"https:\/\/surregames.com\/videojuegos\/#primaryimage\",\"url\":\"https:\/\/surregames.com\/wp-content\/uploads\/2025\/01\/elvis-canario-surre-games.webp\",\"contentUrl\":\"https:\/\/surregames.com\/wp-content\/uploads\/2025\/01\/elvis-canario-surre-games.webp\"},{\"@type\":\"BreadcrumbList\",\"@id\":\"https:\/\/surregames.com\/videojuegos\/#breadcrumb\",\"itemListElement\":[{\"@type\":\"ListItem\",\"position\":1,\"name\":\"Portada\",\"item\":\"https:\/\/surregames.com\/\"},{\"@type\":\"ListItem\",\"position\":2,\"name\":\"Videojuegos\"}]},{\"@type\":\"WebSite\",\"@id\":\"https:\/\/surregames.com\/#website\",\"url\":\"https:\/\/surregames.com\/\",\"name\":\"Surre Games\",\"description\":\"S\u00f3lo otro sitio de WordPress\",\"publisher\":{\"@id\":\"https:\/\/surregames.com\/#\/schema\/person\/a01ea602c8c5746843098825efcdfa30\"},\"potentialAction\":[{\"@type\":\"SearchAction\",\"target\":{\"@type\":\"EntryPoint\",\"urlTemplate\":\"https:\/\/surregames.com\/?s={search_term_string}\"},\"query-input\":{\"@type\":\"PropertyValueSpecification\",\"valueRequired\":true,\"valueName\":\"search_term_string\"}}],\"inLanguage\":\"en-US\"},{\"@type\":[\"Person\",\"Organization\"],\"@id\":\"https:\/\/surregames.com\/#\/schema\/person\/a01ea602c8c5746843098825efcdfa30\",\"name\":\"admin\",\"image\":{\"@type\":\"ImageObject\",\"inLanguage\":\"en-US\",\"@id\":\"https:\/\/surregames.com\/wp-content\/uploads\/2025\/01\/cropped-surregames_logo_512_fit_claro.png\",\"url\":\"https:\/\/surregames.com\/wp-content\/uploads\/2025\/01\/cropped-surregames_logo_512_fit_claro.png\",\"contentUrl\":\"https:\/\/surregames.com\/wp-content\/uploads\/2025\/01\/cropped-surregames_logo_512_fit_claro.png\",\"width\":510,\"height\":170,\"caption\":\"admin\"},\"logo\":{\"@id\":\"https:\/\/surregames.com\/wp-content\/uploads\/2025\/01\/cropped-surregames_logo_512_fit_claro.png\"},\"sameAs\":[\"https:\/\/surregames.com\"]}]}<\/script>\n<!-- \/ Yoast SEO plugin. -->","yoast_head_json":{"title":"Videojuegos - Surre Games","robots":{"index":"index","follow":"follow","max-snippet":"max-snippet:-1","max-image-preview":"max-image-preview:large","max-video-preview":"max-video-preview:-1"},"canonical":"https:\/\/surregames.com\/en\/videojuegos\/","og_locale":"en_US","og_type":"article","og_title":"Videojuegos - Surre Games","og_description":"Videojuegos Elvis Canario Bronkanoid Seoul Defenders Coronavirus: Apocalipse Vs Ortega Smith Ignatius Attacks: Echenique Survival Edition Belmez&#8217;s Poops","og_url":"https:\/\/surregames.com\/en\/videojuegos\/","og_site_name":"Surre Games","article_modified_time":"2025-11-02T23:17:35+00:00","og_image":[{"url":"https:\/\/surregames.com\/wp-content\/uploads\/2025\/01\/elvis-canario-surre-games.webp","type":"","width":"","height":""}],"twitter_card":"summary_large_image","twitter_misc":{"Est. reading time":"2 minutes"},"schema":{"@context":"https:\/\/schema.org","@graph":[{"@type":"WebPage","@id":"https:\/\/surregames.com\/videojuegos\/","url":"https:\/\/surregames.com\/videojuegos\/","name":"Videojuegos - Surre Games","isPartOf":{"@id":"https:\/\/surregames.com\/#website"},"primaryImageOfPage":{"@id":"https:\/\/surregames.com\/videojuegos\/#primaryimage"},"image":{"@id":"https:\/\/surregames.com\/videojuegos\/#primaryimage"},"thumbnailUrl":"https:\/\/surregames.com\/wp-content\/uploads\/2025\/01\/elvis-canario-surre-games.webp","datePublished":"2025-01-19T20:00:16+00:00","dateModified":"2025-11-02T23:17:35+00:00","breadcrumb":{"@id":"https:\/\/surregames.com\/videojuegos\/#breadcrumb"},"inLanguage":"en-US","potentialAction":[{"@type":"ReadAction","target":["https:\/\/surregames.com\/videojuegos\/"]}]},{"@type":"ImageObject","inLanguage":"en-US","@id":"https:\/\/surregames.com\/videojuegos\/#primaryimage","url":"https:\/\/surregames.com\/wp-content\/uploads\/2025\/01\/elvis-canario-surre-games.webp","contentUrl":"https:\/\/surregames.com\/wp-content\/uploads\/2025\/01\/elvis-canario-surre-games.webp"},{"@type":"BreadcrumbList","@id":"https:\/\/surregames.com\/videojuegos\/#breadcrumb","itemListElement":[{"@type":"ListItem","position":1,"name":"Portada","item":"https:\/\/surregames.com\/"},{"@type":"ListItem","position":2,"name":"Videojuegos"}]},{"@type":"WebSite","@id":"https:\/\/surregames.com\/#website","url":"https:\/\/surregames.com\/","name":"Surre Games","description":"S\u00f3lo otro sitio de WordPress","publisher":{"@id":"https:\/\/surregames.com\/#\/schema\/person\/a01ea602c8c5746843098825efcdfa30"},"potentialAction":[{"@type":"SearchAction","target":{"@type":"EntryPoint","urlTemplate":"https:\/\/surregames.com\/?s={search_term_string}"},"query-input":{"@type":"PropertyValueSpecification","valueRequired":true,"valueName":"search_term_string"}}],"inLanguage":"en-US"},{"@type":["Person","Organization"],"@id":"https:\/\/surregames.com\/#\/schema\/person\/a01ea602c8c5746843098825efcdfa30","name":"admin","image":{"@type":"ImageObject","inLanguage":"en-US","@id":"https:\/\/surregames.com\/wp-content\/uploads\/2025\/01\/cropped-surregames_logo_512_fit_claro.png","url":"https:\/\/surregames.com\/wp-content\/uploads\/2025\/01\/cropped-surregames_logo_512_fit_claro.png","contentUrl":"https:\/\/surregames.com\/wp-content\/uploads\/2025\/01\/cropped-surregames_logo_512_fit_claro.png","width":510,"height":170,"caption":"admin"},"logo":{"@id":"https:\/\/surregames.com\/wp-content\/uploads\/2025\/01\/cropped-surregames_logo_512_fit_claro.png"},"sameAs":["https:\/\/surregames.com"]}]}},"_links":{"self":[{"href":"https:\/\/surregames.com\/en\/wp-json\/wp\/v2\/pages\/695","targetHints":{"allow":["GET"]}}],"collection":[{"href":"https:\/\/surregames.com\/en\/wp-json\/wp\/v2\/pages"}],"about":[{"href":"https:\/\/surregames.com\/en\/wp-json\/wp\/v2\/types\/page"}],"author":[{"embeddable":true,"href":"https:\/\/surregames.com\/en\/wp-json\/wp\/v2\/users\/1"}],"replies":[{"embeddable":true,"href":"https:\/\/surregames.com\/en\/wp-json\/wp\/v2\/comments?post=695"}],"version-history":[{"count":39,"href":"https:\/\/surregames.com\/en\/wp-json\/wp\/v2\/pages\/695\/revisions"}],"predecessor-version":[{"id":1829,"href":"https:\/\/surregames.com\/en\/wp-json\/wp\/v2\/pages\/695\/revisions\/1829"}],"wp:attachment":[{"href":"https:\/\/surregames.com\/en\/wp-json\/wp\/v2\/media?parent=695"}],"curies":[{"name":"wp","href":"https:\/\/api.w.org\/{rel}","templated":true}]}}